{"id":2406,"date":"2025-05-09T18:35:02","date_gmt":"2025-05-09T16:35:02","guid":{"rendered":"https:\/\/optiscope.es\/producto\/carson-od-14-lentes-maos-livres-clip-on-lupa-clip-flip-2x-series-para-pesca-leitura-e-baixa-visao\/"},"modified":"2025-08-17T13:16:33","modified_gmt":"2025-08-17T11:16:33","slug":"carson-od-14-lentes-maos-livres-clip-on-lupa-clip-flip-2x-series-para-pesca-leitura-e-baixa-visao","status":"publish","type":"product","link":"https:\/\/optiscope.es\/pt-pt\/producto\/carson-od-14-lentes-maos-livres-clip-on-lupa-clip-flip-2x-series-para-pesca-leitura-e-baixa-visao\/","title":{"rendered":"Carson OD-14 Lentes M\u00e3os-Livres Clip-On Lupa | Clip &amp; Flip\u2122 S\u00e9rie 2x para Artesanato &amp; Baixa Vis\u00e3o"},"content":{"rendered":"<p><strong>Com clip<\/strong><\/p>\n<p>As lupas leves Clip &amp; Flip\u2122 da Carson prendem-se aos seus \u00f3culos, s\u00e3o leves e perfeitas para utiliza\u00e7\u00e3o m\u00e3os-livres.<\/p>\n<p><strong>Escalada<\/strong><\/p>\n<p>O mecanismo de flip-up clip-on permite uma transi\u00e7\u00e3o f\u00e1cil entre a vis\u00e3o normal e as lupas. \u00datil como lupa de joalheiro, para artesanato, para leitura e para trabalhos pr\u00f3ximos. <\/p>\n<p><strong>Equipamento de pesca com mosca<\/strong><\/p>\n<p>Excelente adi\u00e7\u00e3o aos kits de montagem de mosca que enfatizam a amplia\u00e7\u00e3o m\u00e3os-livres para permitir que voc\u00ea manuseie a linha de montagem de mosca e ganchos enquanto expande sua vis\u00e3o.<\/p>\n<p><strong>Auxiliares de baixa vis\u00e3o<\/strong><\/p>\n<p>As lupas s\u00e3o a ajuda perfeita para pessoas com problemas de vis\u00e3o ou degenera\u00e7\u00e3o macular. Eles se fixam a \u00f3culos luminosos para us\u00e1-los como uma lupa de vis\u00e3o. <\/p>\n<p><strong>Especifica\u00e7\u00f5es<\/strong><\/p>\n<p>Dioptrias: + 4,00 | Di\u00e2metro da lente: 52 x 38,5 mm | Inclu\u00eddo: Caixa de prote\u00e7\u00e3o<\/p>\n","protected":false},"excerpt":{"rendered":"<p>O Carson Clip &amp; Flip\u2122 2x de Carson \u00e9 um clipe que se encaixa facilmente sobre a ponte de \u00f3culos. Gra\u00e7as a este sistema, ambas as m\u00e3os est\u00e3o dispon\u00edveis. Sua amplia\u00e7\u00e3o de 2x \u00e9 perfeita para tarefas espec\u00edficas que exigem uma amplia\u00e7\u00e3o espec\u00edfica.   Quer sofra de degeneresc\u00eancia macular ou precise apenas de uma pequena ajuda extra, estas lentes oferecem uma vis\u00e3o clara e conforto. Leves e ajust\u00e1veis, s\u00e3o ideais para quem precisa de uma lupa fi\u00e1vel para tarefas de leitura ou de grande plano.<\/p>\n","protected":false},"featured_media":1599,"comment_status":"closed","ping_status":"closed","template":"","meta":{"_seopress_robots_primary_cat":"none","_seopress_titles_title":"Lentes Carson OD-14 2x Clip - Optisc\u00f3pio","_seopress_titles_desc":"Carson OD-14 Clip-Flip Lentes de encaixe 2\u00d7, transformam os \u00f3culos numa lupa flip-up para leitura, bricolage ou costura, dobragem r\u00e1pida e vidro sem distor\u00e7\u00e3o.","_seopress_robots_index":"","iawp_total_views":1},"product_brand":[90],"product_cat":[61,66],"product_tag":[],"uso-profesional":[],"uso-educativo":[],"naturaleza-y-observacion":[],"apoyo-visual":[],"manualidades-y-precision":[91],"class_list":{"0":"post-2406","1":"product","2":"type-product","3":"status-publish","4":"has-post-thumbnail","6":"product_brand-carson-pt-pt","7":"product_cat-lupas-pt-pt","8":"product_cat-maos-livres","9":"manualidades-y-precision-costura-bordado-pt-pt","11":"first","12":"instock","13":"taxable","14":"shipping-taxable","15":"purchasable","16":"product-type-simple"},"_links":{"self":[{"href":"https:\/\/optiscope.es\/pt-pt\/wp-json\/wp\/v2\/product\/2406","targetHints":{"allow":["GET"]}}],"collection":[{"href":"https:\/\/optiscope.es\/pt-pt\/wp-json\/wp\/v2\/product"}],"about":[{"href":"https:\/\/optiscope.es\/pt-pt\/wp-json\/wp\/v2\/types\/product"}],"replies":[{"embeddable":true,"href":"https:\/\/optiscope.es\/pt-pt\/wp-json\/wp\/v2\/comments?post=2406"}],"wp:featuredmedia":[{"embeddable":true,"href":"https:\/\/optiscope.es\/pt-pt\/wp-json\/wp\/v2\/media\/1599"}],"wp:attachment":[{"href":"https:\/\/optiscope.es\/pt-pt\/wp-json\/wp\/v2\/media?parent=2406"}],"wp:term":[{"taxonomy":"product_brand","embeddable":true,"href":"https:\/\/optiscope.es\/pt-pt\/wp-json\/wp\/v2\/product_brand?post=2406"},{"taxonomy":"product_cat","embeddable":true,"href":"https:\/\/optiscope.es\/pt-pt\/wp-json\/wp\/v2\/product_cat?post=2406"},{"taxonomy":"product_tag","embeddable":true,"href":"https:\/\/optiscope.es\/pt-pt\/wp-json\/wp\/v2\/product_tag?post=2406"},{"taxonomy":"uso-profesional","embeddable":true,"href":"https:\/\/optiscope.es\/pt-pt\/wp-json\/wp\/v2\/uso-profesional?post=2406"},{"taxonomy":"uso-educativo","embeddable":true,"href":"https:\/\/optiscope.es\/pt-pt\/wp-json\/wp\/v2\/uso-educativo?post=2406"},{"taxonomy":"naturaleza-y-observacion","embeddable":true,"href":"https:\/\/optiscope.es\/pt-pt\/wp-json\/wp\/v2\/naturaleza-y-observacion?post=2406"},{"taxonomy":"apoyo-visual","embeddable":true,"href":"https:\/\/optiscope.es\/pt-pt\/wp-json\/wp\/v2\/apoyo-visual?post=2406"},{"taxonomy":"manualidades-y-precision","embeddable":true,"href":"https:\/\/optiscope.es\/pt-pt\/wp-json\/wp\/v2\/manualidades-y-precision?post=2406"}],"curies":[{"name":"wp","href":"https:\/\/api.w.org\/{rel}","templated":true}]}}